{"id":231,"date":"2024-07-25T16:46:29","date_gmt":"2024-07-25T16:46:29","guid":{"rendered":"https:\/\/www.fasteasy.es\/?page_id=231"},"modified":"2024-08-15T07:35:33","modified_gmt":"2024-08-15T07:35:33","slug":"aviso-legal","status":"publish","type":"page","link":"https:\/\/www.fasteasy.es\/ca\/aviso-legal\/","title":{"rendered":"Av\u00eds legal"},"content":{"rendered":"<div data-elementor-type=\"wp-page\" data-elementor-id=\"231\" class=\"elementor elementor-231\" data-elementor-post-type=\"page\">\n\t\t\t\t\t\t<section class=\"elementor-section elementor-top-section elementor-element elementor-element-6eb32f39 elementor-section-boxed elementor-section-height-default elementor-section-height-default\" data-id=\"6eb32f39\" data-element_type=\"section\" data-e-type=\"section\">\n\t\t\t\t\t\t<div class=\"elementor-container elementor-column-gap-default\">\n\t\t\t\t\t<div class=\"elementor-column elementor-col-100 elementor-top-column elementor-element elementor-element-4ff85382\" data-id=\"4ff85382\" data-element_type=\"column\" data-e-type=\"column\">\n\t\t\t<div class=\"elementor-widget-wrap elementor-element-populated\">\n\t\t\t\t\t\t<div class=\"elementor-element elementor-element-4a43aa72 elementor-widget elementor-widget-spacer\" data-id=\"4a43aa72\" data-element_type=\"widget\" data-e-type=\"widget\" data-widget_type=\"spacer.default\">\n\t\t\t\t<div class=\"elementor-widget-container\">\n\t\t\t\t\t\t\t<div class=\"elementor-spacer\">\n\t\t\t<div class=\"elementor-spacer-inner\"><\/div>\n\t\t<\/div>\n\t\t\t\t\t\t<\/div>\n\t\t\t\t<\/div>\n\t\t\t\t\t<\/div>\n\t\t<\/div>\n\t\t\t\t\t<\/div>\n\t\t<\/section>\n\t\t\t\t<section class=\"elementor-section elementor-top-section elementor-element elementor-element-352f28fd elementor-section-boxed elementor-section-height-default elementor-section-height-default\" data-id=\"352f28fd\" data-element_type=\"section\" data-e-type=\"section\">\n\t\t\t\t\t\t<div class=\"elementor-container elementor-column-gap-default\">\n\t\t\t\t\t<div class=\"elementor-column elementor-col-100 elementor-top-column elementor-element elementor-element-59cd55d4\" data-id=\"59cd55d4\" data-element_type=\"column\" data-e-type=\"column\">\n\t\t\t<div class=\"elementor-widget-wrap elementor-element-populated\">\n\t\t\t\t\t\t<div class=\"elementor-element elementor-element-53b94953 elementor-widget elementor-widget-heading\" data-id=\"53b94953\" data-element_type=\"widget\" data-e-type=\"widget\" data-widget_type=\"heading.default\">\n\t\t\t\t<div class=\"elementor-widget-container\">\n\t\t\t\t\t<h2 class=\"elementor-heading-title elementor-size-default\">1. OBJECTE<\/h2>\t\t\t\t<\/div>\n\t\t\t\t<\/div>\n\t\t\t\t\t<\/div>\n\t\t<\/div>\n\t\t\t\t\t<\/div>\n\t\t<\/section>\n\t\t\t\t<section class=\"elementor-section elementor-top-section elementor-element elementor-element-62b25d7 elementor-section-boxed elementor-section-height-default elementor-section-height-default\" data-id=\"62b25d7\" data-element_type=\"section\" data-e-type=\"section\">\n\t\t\t\t\t\t<div class=\"elementor-container elementor-column-gap-default\">\n\t\t\t\t\t<div class=\"elementor-column elementor-col-100 elementor-top-column elementor-element elementor-element-72b10baa\" data-id=\"72b10baa\" data-element_type=\"column\" data-e-type=\"column\">\n\t\t\t<div class=\"elementor-widget-wrap elementor-element-populated\">\n\t\t\t\t\t\t<div class=\"elementor-element elementor-element-75cf8ee6 elementor-widget elementor-widget-text-editor\" data-id=\"75cf8ee6\" data-element_type=\"widget\" data-e-type=\"widget\" data-widget_type=\"text-editor.default\">\n\t\t\t\t<div class=\"elementor-widget-container\">\n\t\t\t\t\t\t\t\t\t<p>Aquest av\u00eds legal regula l&#039;\u00fas i la utilitzaci\u00f3 del domini WWW.FASTEASY.ES, del qual \u00e9s titular <strong>Fast&amp;Easy<\/strong> , amb NIF 46721410S (d&#039;ara endavant, <strong>Fast&amp;Easy<\/strong> ).<\/p><p>La navegaci\u00f3 pel lloc web de <strong>Fast&amp;Easy<\/strong> li atribueix la condici\u00f3 d&#039;USUARI del mateix i comporta la seva acceptaci\u00f3 plena i sense reserves de totes i cadascuna de les condicions publicades en aquest av\u00eds legal, advertint que aquestes condicions podran ser modificades sense notificaci\u00f3 pr\u00e8via per part de <strong>Fast&amp;Easy<\/strong>, en aquest cas es procedir\u00e0 a la seva publicaci\u00f3 i av\u00eds amb la m\u00e0xima antelaci\u00f3 possible.<\/p><p>Per aix\u00f2 \u00e9s recomanable llegir-ne atentament el contingut en cas de desitjar accedir i fer \u00fas de la informaci\u00f3 i dels serveis oferts des d&#039;aquest lloc web.<\/p><p>L&#039;usuari, a m\u00e9s, s&#039;obliga a fer un \u00fas correcte del lloc web de conformitat amb les lleis, la bona fe, l&#039;ordre p\u00fablic, els usos del tr\u00e0nsit i aquest Av\u00eds Legal, i respondr\u00e0 davant <strong>Fast&amp;Easy<\/strong> o davant de tercers, de qualssevol danys i perjudicis que poguessin causar-se com a conseq\u00fc\u00e8ncia de l&#039;incompliment de la dita obligaci\u00f3.<\/p><p>Qualsevol utilitzaci\u00f3 diferent de l&#039;autoritzada est\u00e0 expressament prohibida, podent <strong>Fast&amp;Easy<\/strong> denegar o retirar l&#039;acc\u00e9s i \u00fas en qualsevol moment.<\/p>\t\t\t\t\t\t\t\t<\/div>\n\t\t\t\t<\/div>\n\t\t\t\t<div class=\"elementor-element elementor-element-5d2ba8e6 elementor-widget elementor-widget-heading\" data-id=\"5d2ba8e6\" data-element_type=\"widget\" data-e-type=\"widget\" data-widget_type=\"heading.default\">\n\t\t\t\t<div class=\"elementor-widget-container\">\n\t\t\t\t\t<h2 class=\"elementor-heading-title elementor-size-default\">2. IDENTIFICACI\u00d3<\/h2>\t\t\t\t<\/div>\n\t\t\t\t<\/div>\n\t\t\t\t<div class=\"elementor-element elementor-element-52a535b5 elementor-widget elementor-widget-text-editor\" data-id=\"52a535b5\" data-element_type=\"widget\" data-e-type=\"widget\" data-widget_type=\"text-editor.default\">\n\t\t\t\t<div class=\"elementor-widget-container\">\n\t\t\t\t\t\t\t\t\t<p><strong>Fast&amp;Easy<\/strong>, en compliment de la Llei 34\/2002, d&#039;11 de juliol, de Serveis de la Societat de la Informaci\u00f3 i de Comer\u00e7 Electr\u00f2nic, us informa que:<\/p><ul><li>La seva denominaci\u00f3 social \u00e9s: Ivan Perez Prieto<\/li><li>La seva denominaci\u00f3 comercial \u00e9s: <strong>Fast&amp;Easy<\/strong><\/li><li>El seu NIF \u00e9s: 46721410S<\/li><li>El seu domicili social \u00e9s a: Carrer Marina, Nau 1. Poligono Industrial Feliu Vila, Premia de Dalt<\/li><\/ul>\t\t\t\t\t\t\t\t<\/div>\n\t\t\t\t<\/div>\n\t\t\t\t<div class=\"elementor-element elementor-element-23962f07 elementor-widget elementor-widget-heading\" data-id=\"23962f07\" data-element_type=\"widget\" data-e-type=\"widget\" data-widget_type=\"heading.default\">\n\t\t\t\t<div class=\"elementor-widget-container\">\n\t\t\t\t\t<h2 class=\"elementor-heading-title elementor-size-default\">3. COMUNICACIONS<\/h2>\t\t\t\t<\/div>\n\t\t\t\t<\/div>\n\t\t\t\t<div class=\"elementor-element elementor-element-2b0abf26 elementor-widget elementor-widget-text-editor\" data-id=\"2b0abf26\" data-element_type=\"widget\" data-e-type=\"widget\" data-widget_type=\"text-editor.default\">\n\t\t\t\t<div class=\"elementor-widget-container\">\n\t\t\t\t\t\t\t\t\t<p>Per comunicar-se amb nosaltres, posem a la vostra disposici\u00f3 diferents mitjans de contacte que detallem a continuaci\u00f3:<\/p><ul class=\"lista-texto font4 f-slim\"><li>Mail: info@fasteasy.es<\/li><\/ul><p>Totes les notificacions i comunicacions entre els usuaris i <strong>Fast&amp;Easy<\/strong>, es consideraran efica\u00e7os, amb car\u00e0cter general, quan es realitzin a trav\u00e9s de qualsevol mitj\u00e0 dels detallats anteriorment.<\/p>\t\t\t\t\t\t\t\t<\/div>\n\t\t\t\t<\/div>\n\t\t\t\t<div class=\"elementor-element elementor-element-697e7a90 elementor-widget elementor-widget-heading\" data-id=\"697e7a90\" data-element_type=\"widget\" data-e-type=\"widget\" data-widget_type=\"heading.default\">\n\t\t\t\t<div class=\"elementor-widget-container\">\n\t\t\t\t\t<h2 class=\"elementor-heading-title elementor-size-default\">4. CONDICIONS D&#039;ACC\u00c9S I UTILITZACI\u00d3<\/h2>\t\t\t\t<\/div>\n\t\t\t\t<\/div>\n\t\t\t\t<div class=\"elementor-element elementor-element-a5bf081 elementor-widget elementor-widget-text-editor\" data-id=\"a5bf081\" data-element_type=\"widget\" data-e-type=\"widget\" data-widget_type=\"text-editor.default\">\n\t\t\t\t<div class=\"elementor-widget-container\">\n\t\t\t\t\t\t\t\t\t<p>El lloc web i els seus serveis s\u00f3n lliures i gratu\u00efts. No obstant aix\u00f2, <strong>Fast&amp;Easy<\/strong> pot condicionar la utilitzaci\u00f3 d&#039;alguns dels serveis oferts a la seva web a l&#039;emplenament previ del corresponent formulari.<\/p><p>L&#039;usuari garanteix l&#039;autenticitat i l&#039;actualitat de totes aquelles dades que comuniqui a <strong>Fast&amp;Easy<\/strong> i ser\u00e0 l&#039;\u00fanic responsable de les manifestacions falses o inexactes que faci.<\/p><p>L&#039;usuari es compromet expressament a fer un \u00fas adequat dels continguts i serveis de <strong>Fast&amp;Easy<\/strong> ja no emprar-los per, entre d&#039;altres:<\/p><p>a) Difondre continguts delictius, violents, pornogr\u00e0fics, racistes, xen\u00f2fobs, ofensius, d&#039;apologia del terrorisme o, en general, contraris a la llei o ordre p\u00fablic.<\/p><p>b) Introduir a la xarxa virus inform\u00e0tics o realitzar actuacions susceptibles d&#039;alterar, fer malb\u00e9, interrompre o generar errors o danys en els documents electr\u00f2nics, dades o sistemes f\u00edsics i l\u00f2gics de <strong>Fast&amp;Easy<\/strong> o de terceres persones; aix\u00ed com obstaculitzar l&#039;acc\u00e9s d&#039;altres usuaris al lloc web i als seus serveis mitjan\u00e7ant el consum massiu dels recursos inform\u00e0tics a trav\u00e9s dels quals <strong>Fast&amp;Easy<\/strong> presta els seus serveis.<\/p><p>c) Intentar accedir als comptes de correu electr\u00f2nic d&#039;altres usuaris oa \u00e0rees restringides dels sistemes inform\u00e0tics de <strong>Fast&amp;Easy<\/strong> o de tercers i, si escau, extreure&#039;n informaci\u00f3.<\/p><p>d) Vulnerar els drets de propietat intel\u00b7lectual o industrial, aix\u00ed com violar la confidencialitat de la informaci\u00f3 de <strong>Fast&amp;Easy<\/strong> o de tercers.<\/p><p>e) Suplantar la identitat de qualsevol altre usuari.<\/p><p>f) Reproduir, copiar, distribuir, posar a disposici\u00f3 de, o qualsevol altra forma de comunicaci\u00f3 p\u00fablica, transformar o modificar els continguts, llevat que es compti amb l&#039;autoritzaci\u00f3 del titular dels drets corresponents o aix\u00f2 resulti legalment perm\u00e8s.<\/p><p>g) Demanar dades amb finalitat publicit\u00e0ria i de remetre publicitat de qualsevol classe i comunicacions amb fins de venda o altres de naturalesa comercial sense que intervingui la seva pr\u00e8via sol\u00b7licitud o consentiment.<\/p><p>Tots els continguts del lloc web, com ara textos, fotografies, gr\u00e0fics, imatges, icones, tecnologia, programari, aix\u00ed com el seu disseny gr\u00e0fic i codis font, constitueixen una obra la propietat de la qual pertany a <strong>Fast&amp;Easy<\/strong>, sense que es puguin entendre cedits a l&#039;usuari cap dels drets d&#039;explotaci\u00f3 sobre aquests m\u00e9s enll\u00e0 del que \u00e9s estrictament necessari per al correcte \u00fas de la web.<\/p><p>En definitiva, els usuaris que accedeixin a aquest lloc web poden visualitzar els continguts i efectuar, si escau, c\u00f2pies privades autoritzades sempre que els elements reprodu\u00efts no siguin cedits posteriorment a tercers, ni s&#039;instal\u00b7lin a servidors connectats a xarxes, ni siguin objecte de cap mena d&#039;explotaci\u00f3.<\/p><p>Aix\u00ed mateix, totes les marques, noms comercials o signes distintius de qualsevol classe que apareixen al lloc web s\u00f3n propietat de <strong>Fast&amp;Easy<\/strong>, sense que es pugui entendre que l&#039;\u00fas o l&#039;acc\u00e9s a aquest atribueixi a l&#039;usuari cap dret sobre aquests.<\/p><p>La distribuci\u00f3, modificaci\u00f3, cessi\u00f3 o comunicaci\u00f3 p\u00fablica dels continguts i qualsevol altre acte que no hagi estat expressament autoritzat pel titular dels drets dexplotaci\u00f3 queden prohibits.<\/p><p>L&#039;establiment d&#039;un hiperenlla\u00e7 no implica en cap cas l&#039;exist\u00e8ncia de relacions entre <strong>Fast&amp;Easy<\/strong> i el propietari del lloc web on s&#039;estableixi, ni l&#039;acceptaci\u00f3 i aprovaci\u00f3 per part de <strong>Fast&amp;Easy<\/strong> dels seus continguts o serveis.<\/p><p><strong>Fast&amp;Easy<\/strong> no es responsabilitza de l&#039;\u00fas que cada usuari doni als materials posats a disposici\u00f3 en aquest lloc web ni de les actuacions que realitzi sobre la base d&#039;aquests.<\/p>\t\t\t\t\t\t\t\t<\/div>\n\t\t\t\t<\/div>\n\t\t\t\t<div class=\"elementor-element elementor-element-1ca22a11 elementor-widget elementor-widget-heading\" data-id=\"1ca22a11\" data-element_type=\"widget\" data-e-type=\"widget\" data-widget_type=\"heading.default\">\n\t\t\t\t<div class=\"elementor-widget-container\">\n\t\t\t\t\t<h2 class=\"elementor-heading-title elementor-size-default\">4.1. EXCLUSI\u00d3 DE GARANTIES I DE RESPONSABILITAT EN L&#039;ACC\u00c9S I LA UTILITZACI\u00d3<\/h2>\t\t\t\t<\/div>\n\t\t\t\t<\/div>\n\t\t\t\t<div class=\"elementor-element elementor-element-3b69f880 elementor-widget elementor-widget-text-editor\" data-id=\"3b69f880\" data-element_type=\"widget\" data-e-type=\"widget\" data-widget_type=\"text-editor.default\">\n\t\t\t\t<div class=\"elementor-widget-container\">\n\t\t\t\t\t\t\t\t\t<p>El contingut del present lloc web \u00e9s de car\u00e0cter general i t\u00e9 una finalitat merament informativa, sense que se&#039;n garanteixi plenament l&#039;acc\u00e9s a tots els continguts, ni la seva exhaustivitat, correcci\u00f3, vig\u00e8ncia o actualitat, ni la seva idone\u00eftat o utilitat per a un objectiu espec\u00edfic.<\/p><p><strong>Fast&amp;Easy<\/strong> exclou, fins on permet l&#039;ordenament jur\u00eddic, qualsevol responsabilitat pels danys i perjudicis de tota naturalesa derivats de:<\/p><p>a) La impossibilitat d&#039;acc\u00e9s al lloc web o la manca de veracitat, exactitud, exhaustivitat i\/o actualitat dels continguts, aix\u00ed com l&#039;exist\u00e8ncia de vicis i defectes de tota mena dels continguts transmesos, difosos, emmagatzemats, posats a disposici\u00f3, als que s&#039;hagi accedit a trav\u00e9s del lloc web o dels serveis que s&#039;hi ofereixen.<\/p><p>b) La pres\u00e8ncia de virus o d&#039;altres elements en els continguts que puguin produir alteracions als sistemes inform\u00e0tics, documents electr\u00f2nics o dades dels usuaris.<\/p><p>c) L&#039;incompliment de les lleis, la bona fe, l&#039;ordre p\u00fablic, els usos del tr\u00e0nsit i aquest av\u00eds legal com a conseq\u00fc\u00e8ncia de l&#039;\u00fas incorrecte del lloc web. En particular, ia manera exemplificativa, <strong>Fast&amp;Easy<\/strong> no es fa responsable de les actuacions de tercers que vulnerin drets de propietat intel\u00b7lectual i industrial, secrets empresarials, drets a l&#039;honor, a la intimitat personal i familiar ia la pr\u00f2pia imatge, aix\u00ed com la normativa en mat\u00e8ria de compet\u00e8ncia deslleial i publicitat il\u00b7l\u00edcita.<\/p><p>Aix\u00ed mateix, <strong>Fast&amp;Easy<\/strong> declina qualsevol responsabilitat respecte a la informaci\u00f3 que estigui fora d&#039;aquesta web i no sigui gestionada directament pel nostre webmaster. La funci\u00f3 dels links que apareixen en aquesta web \u00e9s exclusivament informar l&#039;usuari sobre l&#039;exist\u00e8ncia d&#039;altres fonts susceptibles d&#039;ampliar els continguts que ofereix aquest lloc web. <strong>Fast&amp;Easy<\/strong> no garanteix ni es responsabilitza del funcionament o accessibilitat dels llocs enlla\u00e7ats; ni suggereix, convida o recomana la visita a aquests, per la qual cosa tampoc ser\u00e0 responsable del resultat obtingut. <strong>Fast&amp;Easy<\/strong> no es responsabilitza de lestabliment dhipervincles per part de tercers.<\/p>\t\t\t\t\t\t\t\t<\/div>\n\t\t\t\t<\/div>\n\t\t\t\t<div class=\"elementor-element elementor-element-5f28f209 elementor-widget elementor-widget-heading\" data-id=\"5f28f209\" data-element_type=\"widget\" data-e-type=\"widget\" data-widget_type=\"heading.default\">\n\t\t\t\t<div class=\"elementor-widget-container\">\n\t\t\t\t\t<h2 class=\"elementor-heading-title elementor-size-default\">4.1. EXCLUSI\u00d3 DE GARANTIES I DE RESPONSABILITAT EN L&#039;ACC\u00c9S I LA UTILITZACI\u00d3<\/h2>\t\t\t\t<\/div>\n\t\t\t\t<\/div>\n\t\t\t\t<div class=\"elementor-element elementor-element-19ae9409 elementor-widget elementor-widget-text-editor\" data-id=\"19ae9409\" data-element_type=\"widget\" data-e-type=\"widget\" data-widget_type=\"text-editor.default\">\n\t\t\t\t<div class=\"elementor-widget-container\">\n\t\t\t\t\t\t\t\t\t<p>En el cas que qualsevol usuari o un tercer consideri que hi ha fets o circumst\u00e0ncies que revelin el car\u00e0cter il\u00b7l\u00edcit de la utilitzaci\u00f3 de qualsevol contingut i\/o de la realitzaci\u00f3 de qualsevol activitat a les p\u00e0gines web incloses o accessibles a trav\u00e9s del lloc web, haur\u00e0 de enviar una notificaci\u00f3 a <strong>Fast&amp;Easy<\/strong> identificant-se degudament i especificant les suposades infraccions.<\/p>\t\t\t\t\t\t\t\t<\/div>\n\t\t\t\t<\/div>\n\t\t\t\t<div class=\"elementor-element elementor-element-68db4f8f elementor-widget elementor-widget-heading\" data-id=\"68db4f8f\" data-element_type=\"widget\" data-e-type=\"widget\" data-widget_type=\"heading.default\">\n\t\t\t\t<div class=\"elementor-widget-container\">\n\t\t\t\t\t<h2 class=\"elementor-heading-title elementor-size-default\">4.3. PUBLICACIONS\n<\/h2>\t\t\t\t<\/div>\n\t\t\t\t<\/div>\n\t\t\t\t<div class=\"elementor-element elementor-element-1cff0da8 elementor-widget elementor-widget-text-editor\" data-id=\"1cff0da8\" data-element_type=\"widget\" data-e-type=\"widget\" data-widget_type=\"text-editor.default\">\n\t\t\t\t<div class=\"elementor-widget-container\">\n\t\t\t\t\t\t\t\t\t<p>La informaci\u00f3 administrativa facilitada a trav\u00e9s del lloc web no substitueix la publicitat legal de les lleis, normatives, plans, disposicions generals i actes que hagin de ser publicats formalment als diaris oficials de les administracions p\u00fabliques, que constitueixen l\u00fanic instrument que d\u00f3na fe de la seva autenticitat i contingut. La informaci\u00f3 disponible en aquest lloc web ha d&#039;entendre&#039;s com una guia sense prop\u00f2sit de validesa legal.<\/p>\t\t\t\t\t\t\t\t<\/div>\n\t\t\t\t<\/div>\n\t\t\t\t<div class=\"elementor-element elementor-element-6e06cea1 elementor-widget elementor-widget-heading\" data-id=\"6e06cea1\" data-element_type=\"widget\" data-e-type=\"widget\" data-widget_type=\"heading.default\">\n\t\t\t\t<div class=\"elementor-widget-container\">\n\t\t\t\t\t<h2 class=\"elementor-heading-title elementor-size-default\">5. LEGISLACI\u00d3 APLICABLE\n\n<\/h2>\t\t\t\t<\/div>\n\t\t\t\t<\/div>\n\t\t\t\t<div class=\"elementor-element elementor-element-296f282d elementor-widget elementor-widget-text-editor\" data-id=\"296f282d\" data-element_type=\"widget\" data-e-type=\"widget\" data-widget_type=\"text-editor.default\">\n\t\t\t\t<div class=\"elementor-widget-container\">\n\t\t\t\t\t\t\t\t\t<p>Les condicions presents es regeixen per la legislaci\u00f3 espanyola vigent.<\/p>\t\t\t\t\t\t\t\t<\/div>\n\t\t\t\t<\/div>\n\t\t\t\t<div class=\"elementor-element elementor-element-299ed805 elementor-widget elementor-widget-heading\" data-id=\"299ed805\" data-element_type=\"widget\" data-e-type=\"widget\" data-widget_type=\"heading.default\">\n\t\t\t\t<div class=\"elementor-widget-container\">\n\t\t\t\t\t<h2 class=\"elementor-heading-title elementor-size-default\">CONSENTIMENT IMATGE PERSONAL\n\n\n<\/h2>\t\t\t\t<\/div>\n\t\t\t\t<\/div>\n\t\t\t\t<div class=\"elementor-element elementor-element-532b1e67 elementor-widget elementor-widget-text-editor\" data-id=\"532b1e67\" data-element_type=\"widget\" data-e-type=\"widget\" data-widget_type=\"text-editor.default\">\n\t\t\t\t<div class=\"elementor-widget-container\">\n\t\t\t\t\t\t\t\t\t<p>Totes les persones que apareixen a les fotografies del lloc web, han donat el seu consentiment. En el cas dels menors d&#039;edat, els seus pares han estat els que han facilitat aquest consentiment.<\/p>\t\t\t\t\t\t\t\t<\/div>\n\t\t\t\t<\/div>\n\t\t\t\t\t<\/div>\n\t\t<\/div>\n\t\t\t\t\t<\/div>\n\t\t<\/section>\n\t\t\t\t<section class=\"elementor-section elementor-top-section elementor-element elementor-element-19b4b95 elementor-section-boxed elementor-section-height-default elementor-section-height-default\" data-id=\"19b4b95\" data-element_type=\"section\" data-e-type=\"section\">\n\t\t\t\t\t\t<div class=\"elementor-container elementor-column-gap-default\">\n\t\t\t\t\t<div class=\"elementor-column elementor-col-100 elementor-top-column elementor-element elementor-element-49f55ef\" data-id=\"49f55ef\" data-element_type=\"column\" data-e-type=\"column\">\n\t\t\t<div class=\"elementor-widget-wrap elementor-element-populated\">\n\t\t\t\t\t\t<section class=\"elementor-section elementor-inner-section elementor-element elementor-element-be6343e animated-slow elementor-section-boxed elementor-section-height-default elementor-section-height-default elementor-invisible\" data-id=\"be6343e\" data-element_type=\"section\" data-e-type=\"section\" data-settings=\"{&quot;animation&quot;:&quot;fadeIn&quot;}\">\n\t\t\t\t\t\t<div class=\"elementor-container elementor-column-gap-no\">\n\t\t\t\t\t<div class=\"elementor-column elementor-col-50 elementor-inner-column elementor-element elementor-element-26ba7b2\" data-id=\"26ba7b2\" data-element_type=\"column\" data-e-type=\"column\">\n\t\t\t<div class=\"elementor-widget-wrap elementor-element-populated\">\n\t\t\t\t\t\t<div class=\"elementor-element elementor-element-7e9161c elementor-widget elementor-widget-image\" data-id=\"7e9161c\" data-element_type=\"widget\" data-e-type=\"widget\" data-settings=\"{&quot;sticky&quot;:&quot;top&quot;,&quot;sticky_parent&quot;:&quot;yes&quot;,&quot;sticky_on&quot;:[&quot;desktop&quot;,&quot;tablet&quot;,&quot;mobile&quot;],&quot;sticky_offset&quot;:0,&quot;sticky_effects_offset&quot;:0,&quot;sticky_anchor_link_offset&quot;:0}\" data-widget_type=\"image.default\">\n\t\t\t\t<div class=\"elementor-widget-container\">\n\t\t\t\t\t\t\t\t\t\t\t\t\t\t\t<img fetchpriority=\"high\" decoding=\"async\" width=\"604\" height=\"620\" src=\"https:\/\/www.fasteasy.es\/wp-content\/uploads\/2024\/07\/Diseno-sin-titulo-32.jpg\" class=\"attachment-large size-large wp-image-155\" alt=\"Carro para cableado el\u00e9ctrico\" srcset=\"https:\/\/www.fasteasy.es\/wp-content\/uploads\/2024\/07\/Diseno-sin-titulo-32.jpg 604w, https:\/\/www.fasteasy.es\/wp-content\/uploads\/2024\/07\/Diseno-sin-titulo-32-292x300.jpg 292w\" sizes=\"(max-width: 604px) 100vw, 604px\" \/>\t\t\t\t\t\t\t\t\t\t\t\t\t\t\t<\/div>\n\t\t\t\t<\/div>\n\t\t\t\t\t<\/div>\n\t\t<\/div>\n\t\t\t\t<div class=\"elementor-column elementor-col-50 elementor-inner-column elementor-element elementor-element-8eae43a\" data-id=\"8eae43a\" data-element_type=\"column\" data-e-type=\"column\" data-settings=\"{&quot;background_background&quot;:&quot;classic&quot;}\">\n\t\t\t<div class=\"elementor-widget-wrap elementor-element-populated\">\n\t\t\t\t\t\t<div class=\"elementor-element elementor-element-427a656 elementor-widget elementor-widget-heading\" data-id=\"427a656\" data-element_type=\"widget\" data-e-type=\"widget\" data-widget_type=\"heading.default\">\n\t\t\t\t<div class=\"elementor-widget-container\">\n\t\t\t\t\t<h2 class=\"elementor-heading-title elementor-size-default\">Fes-te ja amb el nostre carro porta cables!!<\/h2>\t\t\t\t<\/div>\n\t\t\t\t<\/div>\n\t\t\t\t<div class=\"elementor-element elementor-element-9fa92aa animated-slow elementor-widget__width-initial elementor-widget-mobile__width-inherit elementor-invisible elementor-widget elementor-widget-text-editor\" data-id=\"9fa92aa\" data-element_type=\"widget\" data-e-type=\"widget\" data-settings=\"{&quot;_animation_delay&quot;:&quot;40&quot;,&quot;_animation&quot;:&quot;fadeIn&quot;}\" data-widget_type=\"text-editor.default\">\n\t\t\t\t<div class=\"elementor-widget-container\">\n\t\t\t\t\t\t\t\t\t<p>Fast Easy, el carro portacables i eines que revolucionar\u00e0 les instal\u00b7lacions el\u00e8ctriques. Dissenyat per un professional amb m\u00e9s de 20 anys d&#039;experi\u00e8ncia, aquest producte garanteix efici\u00e8ncia, seguretat i ordre a la teva feina di\u00e0ria.<\/p><p>Reserva ja la teva unitat!<\/p>\t\t\t\t\t\t\t\t<\/div>\n\t\t\t\t<\/div>\n\t\t\t\t<div class=\"elementor-element elementor-element-b865838 elementor-align-center elementor-widget__width-inherit elementor-widget elementor-widget-button\" data-id=\"b865838\" data-element_type=\"widget\" data-e-type=\"widget\" data-widget_type=\"button.default\">\n\t\t\t\t<div class=\"elementor-widget-container\">\n\t\t\t\t\t\t\t\t\t<div class=\"elementor-button-wrapper\">\n\t\t\t\t\t<a class=\"elementor-button elementor-button-link elementor-size-sm\" href=\"https:\/\/www.fasteasy.es\/ca\/contacto-carro-porta-cables\/\">\n\t\t\t\t\t\t<span class=\"elementor-button-content-wrapper\">\n\t\t\t\t\t\t\t\t\t<span class=\"elementor-button-text\">CONTACTA<\/span>\n\t\t\t\t\t<\/span>\n\t\t\t\t\t<\/a>\n\t\t\t\t<\/div>\n\t\t\t\t\t\t\t\t<\/div>\n\t\t\t\t<\/div>\n\t\t\t\t\t<\/div>\n\t\t<\/div>\n\t\t\t\t\t<\/div>\n\t\t<\/section>\n\t\t\t\t\t<\/div>\n\t\t<\/div>\n\t\t\t\t\t<\/div>\n\t\t<\/section>\n\t\t<div class=\"elementor-element elementor-element-653a4ae e-flex e-con-boxed e-con e-parent\" data-id=\"653a4ae\" data-element_type=\"container\" data-e-type=\"container\">\n\t\t\t\t\t<div class=\"e-con-inner\">\n\t\t\t\t<div class=\"elementor-element elementor-element-ca864e0 elementor-widget elementor-widget-spacer\" data-id=\"ca864e0\" data-element_type=\"widget\" data-e-type=\"widget\" data-widget_type=\"spacer.default\">\n\t\t\t\t<div class=\"elementor-widget-container\">\n\t\t\t\t\t\t\t<div class=\"elementor-spacer\">\n\t\t\t<div class=\"elementor-spacer-inner\"><\/div>\n\t\t<\/div>\n\t\t\t\t\t\t<\/div>\n\t\t\t\t<\/div>\n\t\t\t\t\t<\/div>\n\t\t\t\t<\/div>\n\t\t\t\t<\/div>","protected":false},"excerpt":{"rendered":"<p>1. OBJECTE Aquest av\u00eds legal regula l&#039;\u00fas i la utilitzaci\u00f3 del domini WWW.FASTEASY.ES, del qual \u00e9s titular Fast&amp;Easy , amb NIF 46721410S (d&#039;ara endavant, Fast&amp;Easy ). La navegaci\u00f3 pel lloc web de Fast&amp;Easy us atribueix la condici\u00f3 d&#039;USUARI del mateix i comporta la seva acceptaci\u00f3 plena i sense reserves de totes i cada [...]<\/p>","protected":false},"author":1,"featured_media":0,"parent":0,"menu_order":0,"comment_status":"closed","ping_status":"closed","template":"","meta":{"footnotes":""},"class_list":["post-231","page","type-page","status-publish","hentry"],"_links":{"self":[{"href":"https:\/\/www.fasteasy.es\/ca\/wp-json\/wp\/v2\/pages\/231","targetHints":{"allow":["GET"]}}],"collection":[{"href":"https:\/\/www.fasteasy.es\/ca\/wp-json\/wp\/v2\/pages"}],"about":[{"href":"https:\/\/www.fasteasy.es\/ca\/wp-json\/wp\/v2\/types\/page"}],"author":[{"embeddable":true,"href":"https:\/\/www.fasteasy.es\/ca\/wp-json\/wp\/v2\/users\/1"}],"replies":[{"embeddable":true,"href":"https:\/\/www.fasteasy.es\/ca\/wp-json\/wp\/v2\/comments?post=231"}],"version-history":[{"count":22,"href":"https:\/\/www.fasteasy.es\/ca\/wp-json\/wp\/v2\/pages\/231\/revisions"}],"predecessor-version":[{"id":451,"href":"https:\/\/www.fasteasy.es\/ca\/wp-json\/wp\/v2\/pages\/231\/revisions\/451"}],"wp:attachment":[{"href":"https:\/\/www.fasteasy.es\/ca\/wp-json\/wp\/v2\/media?parent=231"}],"curies":[{"name":"wp","href":"https:\/\/api.w.org\/{rel}","templated":true}]}}