{"id":250,"date":"2024-07-25T16:58:25","date_gmt":"2024-07-25T16:58:25","guid":{"rendered":"https:\/\/www.fasteasy.es\/?page_id=250"},"modified":"2024-08-01T14:48:58","modified_gmt":"2024-08-01T14:48:58","slug":"politica-de-cookies","status":"publish","type":"page","link":"https:\/\/www.fasteasy.es\/ca\/politica-de-cookies\/","title":{"rendered":"Pol\u00edtica de cookies"},"content":{"rendered":"<div data-elementor-type=\"wp-page\" data-elementor-id=\"250\" class=\"elementor elementor-250\" data-elementor-post-type=\"page\">\n\t\t\t\t\t\t<section class=\"elementor-section elementor-top-section elementor-element elementor-element-b067971 elementor-section-boxed elementor-section-height-default elementor-section-height-default\" data-id=\"b067971\" data-element_type=\"section\" data-e-type=\"section\">\n\t\t\t\t\t\t<div class=\"elementor-container elementor-column-gap-default\">\n\t\t\t\t\t<div class=\"elementor-column elementor-col-100 elementor-top-column elementor-element elementor-element-660b4848\" data-id=\"660b4848\" data-element_type=\"column\" data-e-type=\"column\">\n\t\t\t<div class=\"elementor-widget-wrap elementor-element-populated\">\n\t\t\t\t\t\t<div class=\"elementor-element elementor-element-77361feb elementor-widget elementor-widget-spacer\" data-id=\"77361feb\" data-element_type=\"widget\" data-e-type=\"widget\" data-widget_type=\"spacer.default\">\n\t\t\t\t<div class=\"elementor-widget-container\">\n\t\t\t\t\t\t\t<div class=\"elementor-spacer\">\n\t\t\t<div class=\"elementor-spacer-inner\"><\/div>\n\t\t<\/div>\n\t\t\t\t\t\t<\/div>\n\t\t\t\t<\/div>\n\t\t\t\t\t<\/div>\n\t\t<\/div>\n\t\t\t\t\t<\/div>\n\t\t<\/section>\n\t\t\t\t<section class=\"elementor-section elementor-top-section elementor-element elementor-element-4cdae00 elementor-section-boxed elementor-section-height-default elementor-section-height-default\" data-id=\"4cdae00\" data-element_type=\"section\" data-e-type=\"section\">\n\t\t\t\t\t\t<div class=\"elementor-container elementor-column-gap-default\">\n\t\t\t\t\t<div class=\"elementor-column elementor-col-100 elementor-top-column elementor-element elementor-element-73a305f0\" data-id=\"73a305f0\" data-element_type=\"column\" data-e-type=\"column\">\n\t\t\t<div class=\"elementor-widget-wrap elementor-element-populated\">\n\t\t\t\t\t\t<div class=\"elementor-element elementor-element-251e1c0f elementor-widget elementor-widget-heading\" data-id=\"251e1c0f\" data-element_type=\"widget\" data-e-type=\"widget\" data-widget_type=\"heading.default\">\n\t\t\t\t<div class=\"elementor-widget-container\">\n\t\t\t\t\t<h2 class=\"elementor-heading-title elementor-size-default\">Qu\u00e8 \u00e9s una galeta?\n\n<\/h2>\t\t\t\t<\/div>\n\t\t\t\t<\/div>\n\t\t\t\t\t<\/div>\n\t\t<\/div>\n\t\t\t\t\t<\/div>\n\t\t<\/section>\n\t\t\t\t<section class=\"elementor-section elementor-top-section elementor-element elementor-element-5a8017b6 elementor-section-boxed elementor-section-height-default elementor-section-height-default\" data-id=\"5a8017b6\" data-element_type=\"section\" data-e-type=\"section\">\n\t\t\t\t\t\t<div class=\"elementor-container elementor-column-gap-default\">\n\t\t\t\t\t<div class=\"elementor-column elementor-col-100 elementor-top-column elementor-element elementor-element-b2b6eff\" data-id=\"b2b6eff\" data-element_type=\"column\" data-e-type=\"column\">\n\t\t\t<div class=\"elementor-widget-wrap elementor-element-populated\">\n\t\t\t\t\t\t<div class=\"elementor-element elementor-element-19ab47e0 elementor-widget elementor-widget-text-editor\" data-id=\"19ab47e0\" data-element_type=\"widget\" data-e-type=\"widget\" data-widget_type=\"text-editor.default\">\n\t\t\t\t<div class=\"elementor-widget-container\">\n\t\t\t\t\t\t\t\t\t<p>Una galeta \u00e9s un fitxer que es descarrega al vostre ordinador en accedir l&#039;Usuari a determinades p\u00e0gines web. Les galetes permeten a una p\u00e0gina web, entre altres coses, emmagatzemar i recuperar informaci\u00f3 sobre els h\u00e0bits de navegaci\u00f3 d&#039;un usuari o del seu equip i, depenent de la informaci\u00f3 que continguin i de la manera com utilitzi el seu equip, es poden utilitzar per recon\u00e8ixer a l&#039;usuari.<\/p>\t\t\t\t\t\t\t\t<\/div>\n\t\t\t\t<\/div>\n\t\t\t\t<div class=\"elementor-element elementor-element-1d15ff7d elementor-widget elementor-widget-heading\" data-id=\"1d15ff7d\" data-element_type=\"widget\" data-e-type=\"widget\" data-widget_type=\"heading.default\">\n\t\t\t\t<div class=\"elementor-widget-container\">\n\t\t\t\t\t<h2 class=\"elementor-heading-title elementor-size-default\">Quins tipus de galetes hi ha?\n\n<\/h2>\t\t\t\t<\/div>\n\t\t\t\t<\/div>\n\t\t\t\t<div class=\"elementor-element elementor-element-4c73250d elementor-widget elementor-widget-text-editor\" data-id=\"4c73250d\" data-element_type=\"widget\" data-e-type=\"widget\" data-widget_type=\"text-editor.default\">\n\t\t\t\t<div class=\"elementor-widget-container\">\n\t\t\t\t\t\t\t\t\t<p>Hi ha diversos tipus de cookies en funci\u00f3 de diferents criteris:<\/p><p>En funci\u00f3 del temps que romanen activades:<\/p><ul><li>Galetes de sessi\u00f3. S\u00f3n un tipus de cookies dissenyades per demanar i emmagatzemar dades mentre l&#039;usuari accedeix a una p\u00e0gina web.<\/li><li>Cookies permanents: S\u00f3n un tipus de cookies en qu\u00e8 les dades segueixen emmagatzemades al terminal i poden ser accedides i tractades durant un per\u00edode definit pel responsable de la galeta.<\/li><\/ul><p>En funci\u00f3 de la titularitat:<\/p><ul><li>Cookies pr\u00f2pies. S\u00f3n les que pertanyen a <strong>Fast&amp;Easy<\/strong><\/li><li>Galetes de tercers. S\u00f3n aquelles la titularitat de les quals \u00e9s d&#039;un tercer, diferent de <strong>Fast&amp;Easy<\/strong>, que ser\u00e0 qui tracti la informaci\u00f3 recollida.<\/li><\/ul><p>En funci\u00f3 de la finalitat:<\/p><ul><li>Galetes t\u00e8cniques i\/o de personalitzaci\u00f3. S\u00f3n les que serveixen per millorar el servei, localitzar incid\u00e8ncies, recon\u00e8ixer l&#039;usuari, etc.<\/li><li>Galetes d&#039;an\u00e0lisi i\/o de publicitat. S\u00f3n aquelles que serveixen per analitzar informaci\u00f3 sobre la navegaci\u00f3 i oferir publicitat, sigui gen\u00e8rica o personalitzada.<\/li><\/ul>\t\t\t\t\t\t\t\t<\/div>\n\t\t\t\t<\/div>\n\t\t\t\t<div class=\"elementor-element elementor-element-7d4aef52 elementor-widget elementor-widget-heading\" data-id=\"7d4aef52\" data-element_type=\"widget\" data-e-type=\"widget\" data-widget_type=\"heading.default\">\n\t\t\t\t<div class=\"elementor-widget-container\">\n\t\t\t\t\t<h2 class=\"elementor-heading-title elementor-size-default\">Quins tipus de galetes s\u00f3n m\u00e9s habituals?\n\n<\/h2>\t\t\t\t<\/div>\n\t\t\t\t<\/div>\n\t\t\t\t<div class=\"elementor-element elementor-element-484637a8 elementor-widget elementor-widget-text-editor\" data-id=\"484637a8\" data-element_type=\"widget\" data-e-type=\"widget\" data-widget_type=\"text-editor.default\">\n\t\t\t\t<div class=\"elementor-widget-container\">\n\t\t\t\t\t\t\t\t\t<p>T\u00c8CNIQUES: S\u00f3n cookies PR\u00d2PIES, de sessi\u00f3, d&#039;identificaci\u00f3, de configuraci\u00f3 i de registre, estrictament necess\u00e0ries per a la identificaci\u00f3 de l&#039;usuari i per a la prestaci\u00f3 dels serveis sol\u00b7licitats per l&#039;usuari. La informaci\u00f3 obtinguda a trav\u00e9s de les mateixes \u00e9s tractada \u00fanicament per \u00a0<strong>Fast&amp;Easy<\/strong><\/p><p>D&#039;AN\u00c0LISI: S\u00f3n aquelles que, ben tractades per nosaltres o per tercers, ens permeten quantificar el nombre d&#039;usuaris i aix\u00ed realitzar el mesurament i l&#039;an\u00e0lisi estad\u00edstica de la utilitzaci\u00f3 que fan els usuaris del servei ofert. Per aix\u00f2 s&#039;analitza la vostra navegaci\u00f3 a la nostra p\u00e0gina web per tal de millorar l&#039;oferta de productes o serveis que us oferim.<\/p><p>DE PUBLICITAT: S\u00f3n aquelles que, ben tractades per nosaltres o per tercers, permeten la gesti\u00f3, de la manera m\u00e9s efica\u00e7 possible, dels espais publicitaris que es poguessin incloure a la nostra p\u00e0gina web i\/o emmagatzemen informaci\u00f3 del comportament dels usuaris obtinguda a a trav\u00e9s de l&#039;observaci\u00f3 continuada. Gr\u00e0cies a elles, podem con\u00e8ixer els h\u00e0bits de navegaci\u00f3 a internet i mostrar publicitat relacionada amb el seu perfil de navegaci\u00f3.<\/p>\t\t\t\t\t\t\t\t<\/div>\n\t\t\t\t<\/div>\n\t\t\t\t<div class=\"elementor-element elementor-element-321ddaa3 elementor-widget elementor-widget-heading\" data-id=\"321ddaa3\" data-element_type=\"widget\" data-e-type=\"widget\" data-widget_type=\"heading.default\">\n\t\t\t\t<div class=\"elementor-widget-container\">\n\t\t\t\t\t<h2 class=\"elementor-heading-title elementor-size-default\">Per qu\u00e8 serveix una galeta?\n\n<\/h2>\t\t\t\t<\/div>\n\t\t\t\t<\/div>\n\t\t\t\t<div class=\"elementor-element elementor-element-e97ebac elementor-widget elementor-widget-text-editor\" data-id=\"e97ebac\" data-element_type=\"widget\" data-e-type=\"widget\" data-widget_type=\"text-editor.default\">\n\t\t\t\t<div class=\"elementor-widget-container\">\n\t\t\t\t\t\t\t\t\t<p>Les cookies s&#039;utilitzen per poder oferir serveis i\/o publicitat personalitzats, per analitzar el funcionament del sistema, recon\u00e8ixer-lo quan accedeix com a usuari, localitzar incid\u00e8ncies i problemes que puguin sorgir i resoldre&#039;ls en el menor termini possible, aix\u00ed com analitzar i mesurar l&#039;\u00fas i activitat de la p\u00e0gina web<\/p>\t\t\t\t\t\t\t\t<\/div>\n\t\t\t\t<\/div>\n\t\t\t\t<div class=\"elementor-element elementor-element-26d9e62e elementor-widget elementor-widget-heading\" data-id=\"26d9e62e\" data-element_type=\"widget\" data-e-type=\"widget\" data-widget_type=\"heading.default\">\n\t\t\t\t<div class=\"elementor-widget-container\">\n\t\t\t\t\t<h2 class=\"elementor-heading-title elementor-size-default\">Cal el meu consentiment per implantar una galeta?\n\n<\/h2>\t\t\t\t<\/div>\n\t\t\t\t<\/div>\n\t\t\t\t<div class=\"elementor-element elementor-element-1d74aa6a elementor-widget elementor-widget-text-editor\" data-id=\"1d74aa6a\" data-element_type=\"widget\" data-e-type=\"widget\" data-widget_type=\"text-editor.default\">\n\t\t\t\t<div class=\"elementor-widget-container\">\n\t\t\t\t\t\t\t\t\t<p>No cal el consentiment per a la instal\u00b7laci\u00f3 de galetes t\u00e8cniques o les que siguin estrictament necess\u00e0ries per a la prestaci\u00f3 d&#039;un servei de la societat de la informaci\u00f3 expressament sol\u00b7licitat pel destinatari.<\/p><p>Per a la resta, s\u00ed que cal el consentiment de l&#039;interessat que es pot sol\u00b7licitar per diferents vies. En el cas de BARUDENT SLP ., s&#039;entendr\u00e0 atorgat si vost\u00e8 segueix utilitzant la p\u00e0gina web, sense perjudici que en qualsevol moment podr\u00e0 revocar-ho i desactivar les galetes.<\/p>\t\t\t\t\t\t\t\t<\/div>\n\t\t\t\t<\/div>\n\t\t\t\t<div class=\"elementor-element elementor-element-439c6bac elementor-widget elementor-widget-heading\" data-id=\"439c6bac\" data-element_type=\"widget\" data-e-type=\"widget\" data-widget_type=\"heading.default\">\n\t\t\t\t<div class=\"elementor-widget-container\">\n\t\t\t\t\t<h2 class=\"elementor-heading-title elementor-size-default\">Quins tipus de galetes utilitza aquesta p\u00e0gina web?<\/h2>\t\t\t\t<\/div>\n\t\t\t\t<\/div>\n\t\t\t\t<div class=\"elementor-element elementor-element-416bd60b elementor-widget elementor-widget-text-editor\" data-id=\"416bd60b\" data-element_type=\"widget\" data-e-type=\"widget\" data-widget_type=\"text-editor.default\">\n\t\t\t\t<div class=\"elementor-widget-container\">\n\t\t\t\t\t\t\t\t\t<p>Galetes t\u00e8cniques: S\u00f3n aquelles creades i gestionades \u00fanicament per nosaltres, i permeten a l&#039;usuari la navegaci\u00f3 a trav\u00e9s de la nostra p\u00e0gina web i la utilitzaci\u00f3 de les diferents opcions com ara identificar la sessi\u00f3, personalitzar informaci\u00f3 o accedir a zones d&#039;acc\u00e9s restringit.<\/p><p>El lloc web de <strong>Fast&amp;Easy<\/strong>, utilitza (o podeu utilitzar) Google Analytics, una eina d&#039;anal\u00edtica web desenvolupada per Google, que ajuda els propietaris de llocs web a mesurar com interactuen els usuaris amb el contingut del lloc. Per a la prestaci\u00f3 d&#039;aquests serveis, Google Analytics utilitzen galetes que recopilen la informaci\u00f3, inclosa l&#039;adre\u00e7a IP de l&#039;usuari que ser\u00e0 transmesa, tractada i emmagatzemada per Google en els termes fixats al web Google.com.<\/p><p>Per a m\u00e9s informaci\u00f3 veure:<\/p><p><a href=\"https:\/\/developers.google.com\/analytics\/devguides\/collection\/analyticsjs\/cookie-usage\" target=\"_blank\" rel=\"nofollow noopener noreferrer\">https:\/\/developers.google.com\/analytics\/devguides\/collection\/analyticsjs\/cookie-usage<\/a><\/p><p>El domini web www.cambraclinic.com utilitza els seg\u00fcents tipus de cookies:<\/p><table class=\"table-border\"><tbody><tr><td>Nom de la galeta<\/td><td>Finalitat<\/td><td>Expira<\/td><\/tr><tr><td>_ga<\/td><td>Es fa servir per diferenciar entre usuaris i sessions. La galeta es crea en carregar la llibreta javascript i no hi ha una versi\u00f3 pr\u00e8via de la galeta _ga. La galeta s&#039;utilitza cada vegada que envieu les dades a Google Analytics.<\/td><td>2 anys<\/td><\/tr><tr><td>_gat<\/td><td>Es fa servir per limitar el percentatge de sol\u00b7licituds. Si heu implementat Google Analytics mitjan\u00e7ant Google Tag Manager, aquesta galeta s&#039;anomenar\u00e0 _dc_gtm_ .<\/td><td>1 minut<\/td><\/tr><tr><td>_gid<\/td><td>S&#039;utilitza per distingir els usuaris.  Cookie de Google Analytics.<\/td><td>24 hores<\/td><\/tr><tr><td>avisSession<\/td><td>Cookie t\u00e8cnica que s&#039;utilitza per identificar l&#039;usuari durant la sessi\u00f3, de forma an\u00f2nima i mitjan\u00e7ant un ID, amb l&#039;objectiu de personalitzar la vostra navegaci\u00f3 i millorar la vostra experi\u00e8ncia d&#039;usuari.<\/td><td>En tancar la sessi\u00f3<\/td><\/tr><\/tbody><\/table>\t\t\t\t\t\t\t\t<\/div>\n\t\t\t\t<\/div>\n\t\t\t\t<div class=\"elementor-element elementor-element-74793c3a elementor-widget elementor-widget-heading\" data-id=\"74793c3a\" data-element_type=\"widget\" data-e-type=\"widget\" data-widget_type=\"heading.default\">\n\t\t\t\t<div class=\"elementor-widget-container\">\n\t\t\t\t\t<h2 class=\"elementor-heading-title elementor-size-default\">Com desactivar galetes?\n\n<\/h2>\t\t\t\t<\/div>\n\t\t\t\t<\/div>\n\t\t\t\t<div class=\"elementor-element elementor-element-4d951562 elementor-widget-mobile__width-inherit elementor-widget elementor-widget-text-editor\" data-id=\"4d951562\" data-element_type=\"widget\" data-e-type=\"widget\" data-widget_type=\"text-editor.default\">\n\t\t\t\t<div class=\"elementor-widget-container\">\n\t\t\t\t\t\t\t\t\t<p>Podeu permetre, bloquejar o eliminar les galetes instal\u00b7lades al vostre equip mitjan\u00e7ant la configuraci\u00f3 de les opcions del navegador instal\u00b7lat al vostre ordinador.<\/p><ul class=\"lista-texto font4 f-slim\"><li>Firefox :\u00a0<a href=\"https:\/\/support.mozilla.org\/es\/kb\/habilitar-y-deshabilitar-cookies-sitios-web-rastrear-preferencias?redirectlocale=es&amp;redirectslug=habilitar-y-deshabilitar-cookies-que-los-sitios-we\" target=\"_blank\" rel=\"nofollow noopener noreferrer\">https:\/\/support.mozilla.org\/es\/kb\/habilitar-y-deshabilitar-cookies-sitios-web-rastrear-preferencias?redirectlocale=es&amp;redirectslug=habilitar-y-deshabilitar-cookies-que-los-sitios-we<\/a><\/li><li>Chrome:\u00a0<a href=\"https:\/\/support.google.com\/chrome\/answer\/95647?hl=es\" target=\"_blank\" rel=\"nofollow noopener noreferrer\">https:\/\/support.google.com\/chrome\/answer\/95647?hl=es<\/a><\/li><li>Internet Explorer:\u00a0<a href=\"https:\/\/support.microsoft.com\/es-es\/products\/windows?os=windows-10\" target=\"_blank\" rel=\"nofollow noopener noreferrer\">https:\/\/support.microsoft.com\/es-es\/products\/windows?os=windows-10<\/a><\/li><li>Safari:\u00a0<a href=\"https:\/\/support.apple.com\/kb\/ph5042?locale=es_ES\" target=\"_blank\" rel=\"nofollow noopener noreferrer\">https:\/\/support.apple.com\/kb\/ph5042?locale=es_ES<\/a><\/li><li>Safari per a iOS:\u00a0<a href=\"https:\/\/support.apple.com\/es-es\/HT201265\" target=\"_blank\" rel=\"nofollow noopener noreferrer\">https:\/\/support.apple.com\/es-es\/HT201265<\/a><\/li><li>Opera:\u00a0<a href=\"http:\/\/help.opera.com\/Windows\/11.50\/es-ES\/cookies.html\" target=\"_blank\" rel=\"nofollow noopener noreferrer\">http:\/\/help.opera.com\/Windows\/11.50\/es-ES\/cookies.html<\/a><\/li><\/ul>\t\t\t\t\t\t\t\t<\/div>\n\t\t\t\t<\/div>\n\t\t\t\t\t<\/div>\n\t\t<\/div>\n\t\t\t\t\t<\/div>\n\t\t<\/section>\n\t\t<div class=\"elementor-element elementor-element-0791879 e-flex e-con-boxed e-con e-parent\" data-id=\"0791879\" data-element_type=\"container\" data-e-type=\"container\">\n\t\t\t\t\t<div class=\"e-con-inner\">\n\t\t\t\t<div class=\"elementor-element elementor-element-911c9f3 elementor-widget elementor-widget-spacer\" data-id=\"911c9f3\" data-element_type=\"widget\" data-e-type=\"widget\" data-widget_type=\"spacer.default\">\n\t\t\t\t<div class=\"elementor-widget-container\">\n\t\t\t\t\t\t\t<div class=\"elementor-spacer\">\n\t\t\t<div class=\"elementor-spacer-inner\"><\/div>\n\t\t<\/div>\n\t\t\t\t\t\t<\/div>\n\t\t\t\t<\/div>\n\t\t\t\t\t<\/div>\n\t\t\t\t<\/div>\n\t\t\t\t<\/div>","protected":false},"excerpt":{"rendered":"<p>Qu\u00e8 \u00e9s una galeta? Una galeta \u00e9s un fitxer que es descarrega al vostre ordinador en accedir l&#039;Usuari a determinades p\u00e0gines web. Les galetes permeten a una p\u00e0gina web, entre altres coses, emmagatzemar i recuperar informaci\u00f3 sobre els h\u00e0bits de navegaci\u00f3 d&#039;un usuari o del seu equip i, depenent de la informaci\u00f3 que [\u2026]<\/p>","protected":false},"author":1,"featured_media":0,"parent":0,"menu_order":0,"comment_status":"closed","ping_status":"closed","template":"","meta":{"footnotes":""},"class_list":["post-250","page","type-page","status-publish","hentry"],"_links":{"self":[{"href":"https:\/\/www.fasteasy.es\/ca\/wp-json\/wp\/v2\/pages\/250","targetHints":{"allow":["GET"]}}],"collection":[{"href":"https:\/\/www.fasteasy.es\/ca\/wp-json\/wp\/v2\/pages"}],"about":[{"href":"https:\/\/www.fasteasy.es\/ca\/wp-json\/wp\/v2\/types\/page"}],"author":[{"embeddable":true,"href":"https:\/\/www.fasteasy.es\/ca\/wp-json\/wp\/v2\/users\/1"}],"replies":[{"embeddable":true,"href":"https:\/\/www.fasteasy.es\/ca\/wp-json\/wp\/v2\/comments?post=250"}],"version-history":[{"count":10,"href":"https:\/\/www.fasteasy.es\/ca\/wp-json\/wp\/v2\/pages\/250\/revisions"}],"predecessor-version":[{"id":391,"href":"https:\/\/www.fasteasy.es\/ca\/wp-json\/wp\/v2\/pages\/250\/revisions\/391"}],"wp:attachment":[{"href":"https:\/\/www.fasteasy.es\/ca\/wp-json\/wp\/v2\/media?parent=250"}],"curies":[{"name":"wp","href":"https:\/\/api.w.org\/{rel}","templated":true}]}}